{"id":16984,"date":"2018-02-23T13:54:25","date_gmt":"2018-02-23T11:54:25","guid":{"rendered":"http:\/\/kompetence.ff.upol.cz\/studijni-materialy-2\/"},"modified":"2023-05-24T14:34:13","modified_gmt":"2023-05-24T12:34:13","slug":"materialy-do-nauki","status":"publish","type":"page","link":"http:\/\/kompetence.ff.upol.cz\/pl\/materialy-do-nauki\/","title":{"rendered":"Materia\u0142y do nauki"},"content":{"rendered":"<p>MATERIA\u0141Y DO NAUKI J\u0118ZYKA:<\/p>\n<p><span class=\"tlid-translation translation\"><span title=\"\"><a href=\"http:\/\/kompetence.ff.upol.cz\/wp-content\/uploads\/2018\/06\/HOMONYMA__CZ-PL_-_HOMONIMY_CZ-PL.pdf\">HOMONYMA__CZ-PL_-_HOMONIMY_CZ-PL<\/a> <\/span><\/span><\/p>\n<p><span class=\"tlid-translation translation\"><span title=\"\"><a href=\"http:\/\/kompetence.ff.upol.cz\/wp-content\/uploads\/2018\/06\/PRISLOVI_-_PRZYS\u0141OWIA.pdf\" data-wplink-edit=\"true\">P\u0158\u00cdSLOV\u00cd_-_PRZYS\u0141OWIA<\/a> <\/span><\/span><\/p>\n<p><span class=\"tlid-translation translation\"><span title=\"\"><a href=\"http:\/\/kompetence.ff.upol.cz\/wp-content\/uploads\/2018\/06\/SLOVNIK_ZAKLADNICH_POJMU__S\u0141OWNIK_PODSTAWOWYCH_POJ\u0118\u0106.pdf\">SLOVN\u00cdK_Z\u00c1KLADN\u00cdCH_POJM\u016e__S\u0141OWNIK_PODSTAWOWYCH_POJ\u0118\u0106<\/a><\/span><\/span><\/p>\n<p>MATERIA\u0141Y DO NAUKI PRZEK\u0141ADU:<\/p>\n<p><a href=\"http:\/\/kompetence.ff.upol.cz\/wp-content\/uploads\/2022\/09\/SEMINARIUM_PRZEK\u0141AD_SPECJALISTYCZNY.pdf\">MATERIA\u0141Y_DYDAKTYCZNE_DLA_SEMINARIUM_PRZEK\u0141AD_SPECJALISTYCZNY<\/a><\/p>\n<p><a href=\"http:\/\/kompetence.ff.upol.cz\/wp-content\/uploads\/2022\/09\/SEMINARIUM_POLSKO-CZESKA_KORESPONDENCJA_HANDLOWA.pdf\">SEMINARIUM_POLSKO-CZESKA_KORESPONDENCJA_HANDLOWA<\/a><\/p>\n<p>PODR\u0118CZNIK DO NAUKI J\u0118ZYKA POLSKIEGO &#8211; TEKSTY DO NAGRA\u0143:<\/p>\n<p><a href=\"http:\/\/kompetence.ff.upol.cz\/wp-content\/uploads\/2023\/05\/R_1_Polska_Polacy_jezyk_polski_nagrania.pdf\">R_1_Polska_Polacy_jezyk_polski_nagrania<\/a><\/p>\n<p><a href=\"http:\/\/kompetence.ff.upol.cz\/wp-content\/uploads\/2023\/05\/R_2_Mi\u0142o_mi_pani\u0105_pozna\u0107_nagrania.pdf\">R_2_Mi\u0142o_mi_pani\u0105_pozna\u0107_nagrania<\/a><\/p>\n<p><a href=\"http:\/\/kompetence.ff.upol.cz\/wp-content\/uploads\/2023\/05\/R_3_Podoba_mi_si\u0119_to_miasto_nagrania.pdf\">R_3_Podoba_mi_si\u0119_to_miasto_nagrania<\/a><\/p>\n<p><a href=\"http:\/\/kompetence.ff.upol.cz\/wp-content\/uploads\/2023\/05\/R_4_Rodzina_jest_najwa\u017cniejsza_nagrania.pdf\">R_4_Rodzina_jest_najwa\u017cniejsza_nagrania<\/a><\/p>\n<p><a href=\"http:\/\/kompetence.ff.upol.cz\/wp-content\/uploads\/2023\/05\/R_5_M\u00f3j_dzie\u0144__nagrania.pdf\">R_5_M\u00f3j_dzie\u0144__nagrania<\/a><\/p>\n<p><a href=\"http:\/\/kompetence.ff.upol.cz\/wp-content\/uploads\/2023\/05\/R_6_Jestesmy_studentami_nagrania.pdf\">R_6_Jestesmy_studentami_nagrania<\/a><\/p>\n<p><a href=\"http:\/\/kompetence.ff.upol.cz\/wp-content\/uploads\/2023\/05\/R_7_Wsz\u0119dzie_dobrze_ale_w_domu_najlepiej__nagrania.pdf\">R_7_Wsz\u0119dzie_dobrze,_ale_w_domu_najlepiej__nagrania<\/a><\/p>\n<p><a href=\"http:\/\/kompetence.ff.upol.cz\/wp-content\/uploads\/2023\/05\/R_8_Smacznego_nagrania.pdf\">R_8_Smacznego_nagrania<\/a><\/p>\n<p><a href=\"http:\/\/kompetence.ff.upol.cz\/wp-content\/uploads\/2023\/05\/R_9_W_centrum_handlowym_nagrania.pdf\">R_9_W_centrum_handlowym_nagrania<\/a><\/p>\n<p><a href=\"http:\/\/kompetence.ff.upol.cz\/wp-content\/uploads\/2023\/05\/R_10_Podroze_bliskie_i_dalekie_nagrania.pdf\">R_10_Podroze_bliskie_i_dalekie_nagrania<\/a><\/p>\n<p><a href=\"http:\/\/kompetence.ff.upol.cz\/wp-content\/uploads\/2023\/05\/R_11_Pogoda_klimat_przyroda_nagrania.pdf\">R_11_Pogoda_klimat_przyroda_nagrania<\/a><\/p>\n<p><a href=\"http:\/\/kompetence.ff.upol.cz\/wp-content\/uploads\/2023\/05\/R_12_W_zdrowym_ciele_zdrowy_duch_nagrania.pdf\">R_12_W_zdrowym_ciele_zdrowy_duch_nagrania<\/a><\/p>\n<p><a href=\"http:\/\/kompetence.ff.upol.cz\/wp-content\/uploads\/2023\/05\/R_13_W_\u015bwiecie_sztuki_nagrania.pdf\">R_13_W_\u015bwiecie_sztuki_nagrania<\/a><\/p>\n","protected":false},"excerpt":{"rendered":"<p>MATERIA\u0141Y DO NAUKI J\u0118ZYKA: HOMONYMA__CZ-PL_-_HOMONIMY_CZ-PL P\u0158\u00cdSLOV\u00cd_-_PRZYS\u0141OWIA SLOVN\u00cdK_Z\u00c1KLADN\u00cdCH_POJM\u016e__S\u0141OWNIK_PODSTAWOWYCH_POJ\u0118\u0106 MATERIA\u0141Y DO NAUKI PRZEK\u0141ADU: MATERIA\u0141Y_DYDAKTYCZNE_DLA_SEMINARIUM_PRZEK\u0141AD_SPECJALISTYCZNY SEMINARIUM_POLSKO-CZESKA_KORESPONDENCJA_HANDLOWA PODR\u0118CZNIK DO NAUKI J\u0118ZYKA POLSKIEGO &#8211; TEKSTY DO NAGRA\u0143: R_1_Polska_Polacy_jezyk_polski_nagrania R_2_Mi\u0142o_mi_pani\u0105_pozna\u0107_nagrania R_3_Podoba_mi_si\u0119_to_miasto_nagrania R_4_Rodzina_jest_najwa\u017cniejsza_nagrania R_5_M\u00f3j_dzie\u0144__nagrania R_6_Jestesmy_studentami_nagrania R_7_Wsz\u0119dzie_dobrze,_ale_w_domu_najlepiej__nagrania R_8_Smacznego_nagrania R_9_W_centrum_handlowym_nagrania R_10_Podroze_bliskie_i_dalekie_nagrania R_11_Pogoda_klimat_przyroda_nagrania R_12_W_zdrowym_ciele_zdrowy_duch_nagrania R_13_W_\u015bwiecie_sztuki_nagrania<\/p>\n","protected":false},"author":1,"featured_media":0,"parent":0,"menu_order":0,"comment_status":"closed","ping_status":"closed","template":"","meta":{"footnotes":""},"class_list":["post-16984","page","type-page","status-publish","hentry"],"aioseo_notices":[],"_links":{"self":[{"href":"http:\/\/kompetence.ff.upol.cz\/pl\/wp-json\/wp\/v2\/pages\/16984","targetHints":{"allow":["GET"]}}],"collection":[{"href":"http:\/\/kompetence.ff.upol.cz\/pl\/wp-json\/wp\/v2\/pages"}],"about":[{"href":"http:\/\/kompetence.ff.upol.cz\/pl\/wp-json\/wp\/v2\/types\/page"}],"author":[{"embeddable":true,"href":"http:\/\/kompetence.ff.upol.cz\/pl\/wp-json\/wp\/v2\/users\/1"}],"replies":[{"embeddable":true,"href":"http:\/\/kompetence.ff.upol.cz\/pl\/wp-json\/wp\/v2\/comments?post=16984"}],"version-history":[{"count":5,"href":"http:\/\/kompetence.ff.upol.cz\/pl\/wp-json\/wp\/v2\/pages\/16984\/revisions"}],"predecessor-version":[{"id":17363,"href":"http:\/\/kompetence.ff.upol.cz\/pl\/wp-json\/wp\/v2\/pages\/16984\/revisions\/17363"}],"wp:attachment":[{"href":"http:\/\/kompetence.ff.upol.cz\/pl\/wp-json\/wp\/v2\/media?parent=16984"}],"curies":[{"name":"wp","href":"https:\/\/api.w.org\/{rel}","templated":true}]}}