{"id":16982,"date":"2018-02-21T11:39:13","date_gmt":"2018-02-21T09:39:13","guid":{"rendered":"http:\/\/kompetence.ff.upol.cz\/projektovy-tym-2\/"},"modified":"2018-05-09T11:58:28","modified_gmt":"2018-05-09T09:58:28","slug":"zespol-projektowy","status":"publish","type":"page","link":"http:\/\/kompetence.ff.upol.cz\/pl\/zespol-projektowy\/","title":{"rendered":"Zesp\u00f3\u0142 projektowy"},"content":{"rendered":"<p><strong>Partner wiod\u0105cy \u2013 Uniwersytet Palackiego w O\u0142omu\u0144cu<br \/>\n<\/strong><\/p>\n<p>Doc. PhDr. Ivana Dobrotov\u00e1, Ph.D. \u2013 kierownik projektu<\/p>\n<p>Ing. Andrea Wagnerov\u00e1 \u2013 mened\u017cer ds. finansowych<\/p>\n<p>Cz\u0142onkowie zespo\u0142u projektowego:<\/p>\n<p>Prof. Alla Arkhanhelska, DrSc.<\/p>\n<p>Mgr. Iwona Bure\u0161ov\u00e1-Wania, Ph.D.<\/p>\n<p>Michaela Dad\u00e1kov\u00e1<\/p>\n<p>Dr Micha\u0142 Hanczakowski<\/p>\n<p>Mgr. Jan Jeni\u0161ta, Ph.D.<\/p>\n<p>PhDr. Milena Machalov\u00e1<\/p>\n<p>Mgr Kamila Przybylska<\/p>\n<p>Doc. PhDr. Zdenka Vychodilov\u00e1, CSc.<\/p>\n<p>&nbsp;<\/p>\n<p><strong>Partner w projekcie \u2013 Centrum Pedagogiczne dla Polskiego Szkolnictwa Narodowo\u015bciowego w Czeskim Cieszynie<\/strong><\/p>\n<p>Mgr. Marta Kme\u0165<\/p>\n<p>&nbsp;<\/p>\n<p><strong>Partner w projekcie \u2013 Uniwersytet Wroc\u0142awski<br \/>\n<\/strong><\/p>\n<p>Dr Ryszard G\u0142adkiewicz<\/p>\n","protected":false},"excerpt":{"rendered":"<p>Partner wiod\u0105cy \u2013 Uniwersytet Palackiego w O\u0142omu\u0144cu Doc. PhDr. Ivana Dobrotov\u00e1, Ph.D. \u2013 kierownik projektu Ing. Andrea Wagnerov\u00e1 \u2013 mened\u017cer ds. finansowych Cz\u0142onkowie zespo\u0142u projektowego: Prof. Alla Arkhanhelska, DrSc. Mgr. Iwona Bure\u0161ov\u00e1-Wania, Ph.D. Michaela Dad\u00e1kov\u00e1 Dr Micha\u0142 Hanczakowski Mgr. Jan Jeni\u0161ta, Ph.D. PhDr. Milena Machalov\u00e1 Mgr Kamila Przybylska Doc. PhDr. Zdenka Vychodilov\u00e1, CSc. &nbsp; Partner&#8230;<\/p>\n","protected":false},"author":1,"featured_media":0,"parent":0,"menu_order":0,"comment_status":"open","ping_status":"closed","template":"","meta":{"footnotes":""},"class_list":["post-16982","page","type-page","status-publish","hentry"],"aioseo_notices":[],"_links":{"self":[{"href":"http:\/\/kompetence.ff.upol.cz\/pl\/wp-json\/wp\/v2\/pages\/16982","targetHints":{"allow":["GET"]}}],"collection":[{"href":"http:\/\/kompetence.ff.upol.cz\/pl\/wp-json\/wp\/v2\/pages"}],"about":[{"href":"http:\/\/kompetence.ff.upol.cz\/pl\/wp-json\/wp\/v2\/types\/page"}],"author":[{"embeddable":true,"href":"http:\/\/kompetence.ff.upol.cz\/pl\/wp-json\/wp\/v2\/users\/1"}],"replies":[{"embeddable":true,"href":"http:\/\/kompetence.ff.upol.cz\/pl\/wp-json\/wp\/v2\/comments?post=16982"}],"version-history":[{"count":3,"href":"http:\/\/kompetence.ff.upol.cz\/pl\/wp-json\/wp\/v2\/pages\/16982\/revisions"}],"predecessor-version":[{"id":17077,"href":"http:\/\/kompetence.ff.upol.cz\/pl\/wp-json\/wp\/v2\/pages\/16982\/revisions\/17077"}],"wp:attachment":[{"href":"http:\/\/kompetence.ff.upol.cz\/pl\/wp-json\/wp\/v2\/media?parent=16982"}],"curies":[{"name":"wp","href":"https:\/\/api.w.org\/{rel}","templated":true}]}}