{"id":16980,"date":"2018-02-21T10:09:47","date_gmt":"2018-02-21T08:09:47","guid":{"rendered":"http:\/\/kompetence.ff.upol.cz\/o-projektu-2\/"},"modified":"2018-04-19T12:38:10","modified_gmt":"2018-04-19T10:38:10","slug":"o-projektu","status":"publish","type":"page","link":"http:\/\/kompetence.ff.upol.cz\/pl\/o-projektu\/","title":{"rendered":"O projekcie"},"content":{"rendered":"<p>Celem projektu jest rozszerzenie kompetencji j\u0119zykowych przysz\u0142ych absolwent\u00f3w w kierunku zwi\u0119kszenia ich szans na PL\/CZ transgranicznym rynku pracy.<\/p>\n<p>Powy\u017cszy cel zostanie osi\u0105gniety poprzez realizacj\u0119 szeregu sp\u00f3jnych i logicznie po\u0142\u0105czonych dzia\u0142a\u0144 (np. przygotowanie kompleksowych materia\u0142\u00f3w dydaktycznych i ich dystrybucja w obszarze wsparcia poprzez nowoczesne technologie).<\/p>\n<p>Program edukacyjny jest kompatybilny z wytycznymi Europejskiego Systemu Opisu Kszta\u0142cenia J\u0119zykowego (poziom A2, B1).<\/p>\n","protected":false},"excerpt":{"rendered":"<p>Celem projektu jest rozszerzenie kompetencji j\u0119zykowych przysz\u0142ych absolwent\u00f3w w kierunku zwi\u0119kszenia ich szans na PL\/CZ transgranicznym rynku pracy. Powy\u017cszy cel zostanie osi\u0105gniety poprzez realizacj\u0119 szeregu sp\u00f3jnych i logicznie po\u0142\u0105czonych dzia\u0142a\u0144 (np. przygotowanie kompleksowych materia\u0142\u00f3w dydaktycznych i ich dystrybucja w obszarze wsparcia poprzez nowoczesne technologie). Program edukacyjny jest kompatybilny z wytycznymi Europejskiego Systemu Opisu Kszta\u0142cenia J\u0119zykowego&#8230;<\/p>\n","protected":false},"author":1,"featured_media":0,"parent":0,"menu_order":0,"comment_status":"open","ping_status":"closed","template":"","meta":{"footnotes":""},"class_list":["post-16980","page","type-page","status-publish","hentry"],"aioseo_notices":[],"_links":{"self":[{"href":"http:\/\/kompetence.ff.upol.cz\/pl\/wp-json\/wp\/v2\/pages\/16980","targetHints":{"allow":["GET"]}}],"collection":[{"href":"http:\/\/kompetence.ff.upol.cz\/pl\/wp-json\/wp\/v2\/pages"}],"about":[{"href":"http:\/\/kompetence.ff.upol.cz\/pl\/wp-json\/wp\/v2\/types\/page"}],"author":[{"embeddable":true,"href":"http:\/\/kompetence.ff.upol.cz\/pl\/wp-json\/wp\/v2\/users\/1"}],"replies":[{"embeddable":true,"href":"http:\/\/kompetence.ff.upol.cz\/pl\/wp-json\/wp\/v2\/comments?post=16980"}],"version-history":[{"count":2,"href":"http:\/\/kompetence.ff.upol.cz\/pl\/wp-json\/wp\/v2\/pages\/16980\/revisions"}],"predecessor-version":[{"id":17030,"href":"http:\/\/kompetence.ff.upol.cz\/pl\/wp-json\/wp\/v2\/pages\/16980\/revisions\/17030"}],"wp:attachment":[{"href":"http:\/\/kompetence.ff.upol.cz\/pl\/wp-json\/wp\/v2\/media?parent=16980"}],"curies":[{"name":"wp","href":"https:\/\/api.w.org\/{rel}","templated":true}]}}