{"id":16974,"date":"2018-02-23T13:54:06","date_gmt":"2018-02-23T11:54:06","guid":{"rendered":"http:\/\/kompetence.ff.upol.cz\/harmonogram-2\/"},"modified":"2018-04-19T14:40:49","modified_gmt":"2018-04-19T12:40:49","slug":"harmonogram","status":"publish","type":"page","link":"http:\/\/kompetence.ff.upol.cz\/pl\/harmonogram\/","title":{"rendered":"Harmonogram"},"content":{"rendered":"<ol>\n<li>Stworzenie polsko-czeskiej grupy roboczej ekspert\u00f3w z dziedziny edukacji j\u0119zykowej oraz stworzenie sieci wsp\u00f3\u0142pracy wybranych instytucji edukacyjnych na obszarze wsparcia po obu stronach granicy.<\/li>\n<li>Opracowanie metodologii nauczania j\u0119zyka polskiego i czeskiego jako obcego (sylabusy, tematy, zakres, gramatyka, s\u0142ownictwo itp.).<\/li>\n<li>Stworzenie pomocy metodycznych do nauczania j\u0119zyka polskiego i czeskiego w formie elektronicznej i drukowanej (podreczniki, skrypty, itp.).<\/li>\n<li>Przygotowanie (opracowanie sylabus\u00f3w) i wprowadzenie specjalistycznych przedmiot\u00f3w podnosz\u0105cych kompetencje j\u0119zykowe student\u00f3w.<\/li>\n<li>Testowanie pomocy metodycznych i dydaktycznych do nauki j\u0119zyka polskiego i czeskiego jako j\u0119zyk\u00f3w obcych w grupach w ramach uniwersytet\u00f3w partnerskich (kursy j\u0119zykowe dla student\u00f3w).<\/li>\n<li>Klub Absolwenta \u2013 platforma komunikacyjna dla uczestnik\u00f3w projektu, monitoring wykorzystania znajomo\u015bci j\u0119zyka uczestnik\u00f3w kurs\u00f3w na transgranicznym rynku pracy.<\/li>\n<li>Intensywne, tematyczne warsztaty j\u0119zykowo-kulturowe na pograniczu czesko-polskim dla student\u00f3w szk\u00f3\u0142 wy\u017cszych.<\/li>\n<\/ol>\n","protected":false},"excerpt":{"rendered":"<p>Stworzenie polsko-czeskiej grupy roboczej ekspert\u00f3w z dziedziny edukacji j\u0119zykowej oraz stworzenie sieci wsp\u00f3\u0142pracy wybranych instytucji edukacyjnych na obszarze wsparcia po obu stronach granicy. Opracowanie metodologii nauczania j\u0119zyka polskiego i czeskiego jako obcego (sylabusy, tematy, zakres, gramatyka, s\u0142ownictwo itp.). Stworzenie pomocy metodycznych do nauczania j\u0119zyka polskiego i czeskiego w formie elektronicznej i drukowanej (podreczniki, skrypty, itp.)&#8230;.<\/p>\n","protected":false},"author":1,"featured_media":0,"parent":0,"menu_order":0,"comment_status":"closed","ping_status":"closed","template":"","meta":{"footnotes":""},"class_list":["post-16974","page","type-page","status-publish","hentry"],"aioseo_notices":[],"_links":{"self":[{"href":"http:\/\/kompetence.ff.upol.cz\/pl\/wp-json\/wp\/v2\/pages\/16974","targetHints":{"allow":["GET"]}}],"collection":[{"href":"http:\/\/kompetence.ff.upol.cz\/pl\/wp-json\/wp\/v2\/pages"}],"about":[{"href":"http:\/\/kompetence.ff.upol.cz\/pl\/wp-json\/wp\/v2\/types\/page"}],"author":[{"embeddable":true,"href":"http:\/\/kompetence.ff.upol.cz\/pl\/wp-json\/wp\/v2\/users\/1"}],"replies":[{"embeddable":true,"href":"http:\/\/kompetence.ff.upol.cz\/pl\/wp-json\/wp\/v2\/comments?post=16974"}],"version-history":[{"count":1,"href":"http:\/\/kompetence.ff.upol.cz\/pl\/wp-json\/wp\/v2\/pages\/16974\/revisions"}],"predecessor-version":[{"id":17037,"href":"http:\/\/kompetence.ff.upol.cz\/pl\/wp-json\/wp\/v2\/pages\/16974\/revisions\/17037"}],"wp:attachment":[{"href":"http:\/\/kompetence.ff.upol.cz\/pl\/wp-json\/wp\/v2\/media?parent=16974"}],"curies":[{"name":"wp","href":"https:\/\/api.w.org\/{rel}","templated":true}]}}